{"id":5217,"date":"2026-01-22T11:47:51","date_gmt":"2026-01-22T11:47:51","guid":{"rendered":"https:\/\/plus2event.de\/?page_id=5217"},"modified":"2026-03-10T16:06:47","modified_gmt":"2026-03-10T16:06:47","slug":"event-gastronomie-grossveranstaltungen","status":"publish","type":"page","link":"https:\/\/plus2event.de\/en\/event-gastronomie-grossveranstaltungen\/","title":{"rendered":"Event Catering &amp; Large-Scale Events"},"content":{"rendered":"<div data-elementor-type=\"wp-page\" data-elementor-id=\"5217\" class=\"elementor elementor-5217\" data-elementor-settings=\"{&quot;ha_cmc_init_switcher&quot;:&quot;no&quot;}\" data-elementor-post-type=\"page\">\n\t\t\t\t<div class=\"elementor-element elementor-element-451f7a8 e-flex e-con-boxed e-con e-parent\" data-id=\"451f7a8\" data-element_type=\"container\" data-e-type=\"container\" data-settings=\"{&quot;background_background&quot;:&quot;classic&quot;,&quot;_ha_eqh_enable&quot;:false}\">\n\t\t\t\t\t<div class=\"e-con-inner\">\n\t\t\t\t<div class=\"elementor-element elementor-element-1987b5b elementor-invisible elementor-widget elementor-widget-heading\" data-id=\"1987b5b\" data-element_type=\"widget\" data-e-type=\"widget\" data-settings=\"{&quot;_animation&quot;:&quot;fadeIn&quot;}\" data-widget_type=\"heading.default\">\n\t\t\t\t<div class=\"elementor-widget-container\">\n\t\t\t\t\t<h1 class=\"elementor-heading-title elementor-size-default\">Event Gastronomie &amp; Gro\u00df- veranstaltungen<\/h1>\t\t\t\t<\/div>\n\t\t\t\t<\/div>\n\t\t\t\t\t<\/div>\n\t\t\t\t<\/div>\n\t\t<div class=\"elementor-element elementor-element-e98e10c e-con-full e-flex e-con e-parent\" data-id=\"e98e10c\" data-element_type=\"container\" data-e-type=\"container\" data-settings=\"{&quot;background_background&quot;:&quot;classic&quot;,&quot;_ha_eqh_enable&quot;:false}\">\n\t\t<div class=\"elementor-element elementor-element-241e179 e-con-full e-flex elementor-invisible e-con e-child\" data-id=\"241e179\" data-element_type=\"container\" data-e-type=\"container\" data-settings=\"{&quot;animation&quot;:&quot;fadeIn&quot;,&quot;_ha_eqh_enable&quot;:false}\">\n\t\t\t\t<div class=\"elementor-element elementor-element-8db930c elementor-widget elementor-widget-text-editor\" data-id=\"8db930c\" data-element_type=\"widget\" data-e-type=\"widget\" data-widget_type=\"text-editor.default\">\n\t\t\t\t<div class=\"elementor-widget-container\">\n\t\t\t\t\t\t\t\t\t<p>Precise. Reliable. High-performing.<\/p>\t\t\t\t\t\t\t\t<\/div>\n\t\t\t\t<\/div>\n\t\t\t\t<div class=\"elementor-element elementor-element-20a9851 elementor-widget elementor-widget-heading\" data-id=\"20a9851\" data-element_type=\"widget\" data-e-type=\"widget\" data-widget_type=\"heading.default\">\n\t\t\t\t<div class=\"elementor-widget-container\">\n\t\t\t\t\t<h2 class=\"elementor-heading-title elementor-size-default\">SERVICES\n<\/h2>\t\t\t\t<\/div>\n\t\t\t\t<\/div>\n\t\t\t\t<div class=\"elementor-element elementor-element-7bf0cb2 elementor-widget elementor-widget-text-editor\" data-id=\"7bf0cb2\" data-element_type=\"widget\" data-e-type=\"widget\" data-widget_type=\"text-editor.default\">\n\t\t\t\t<div class=\"elementor-widget-container\">\n\t\t\t\t\t\t\t\t\t<p>plus2event supports <strong style=\"color: #ea530e;\">large-scale events<\/strong> with structured processes, experienced coordination, and culinary expertise. From planning the gastronomic infrastructure to operational execution, we ensure efficient service and seamless workflows.<\/p><p><strong>\u2192 Planung gastronomischer Strukturen &amp; Abl\u00e4ufe<\/strong><\/p><p><strong>\u2192 Selection, briefing &amp; coordination of catering partners<\/strong><\/p><p><strong>\u2192 Logistics, inventory management &amp; staff coordination and placement<\/strong><\/p><p><strong>\u2192 On-site supervision of gastronomic operations<\/strong><\/p><p><strong>\u2192 Interface management with technical production, security &amp; overall event production<\/strong><\/p>\t\t\t\t\t\t\t\t<\/div>\n\t\t\t\t<\/div>\n\t\t\t\t<div data-ha-element-link=\"{&quot;url&quot;:&quot;https:\\\/\\\/plus2event.de\\\/contact-us\\\/&quot;,&quot;is_external&quot;:&quot;&quot;,&quot;nofollow&quot;:&quot;&quot;}\" style=\"cursor: pointer\" class=\"elementor-element elementor-element-ba5d5da elementor-widget elementor-widget-text-editor\" data-id=\"ba5d5da\" data-element_type=\"widget\" data-e-type=\"widget\" id=\"button8\" data-widget_type=\"text-editor.default\">\n\t\t\t\t<div class=\"elementor-widget-container\">\n\t\t\t\t\t\t\t\t\t<p>Request now \u2192<\/p>\t\t\t\t\t\t\t\t<\/div>\n\t\t\t\t<\/div>\n\t\t\t\t<\/div>\n\t\t\t\t<div class=\"elementor-element elementor-element-a880364 elementor-widget__width-initial elementor-widget-tablet__width-inherit elementor-invisible elementor-widget elementor-widget-image\" data-id=\"a880364\" data-element_type=\"widget\" data-e-type=\"widget\" data-settings=\"{&quot;_animation&quot;:&quot;fadeInRight&quot;}\" data-widget_type=\"image.default\">\n\t\t\t\t<div class=\"elementor-widget-container\">\n\t\t\t\t\t\t\t\t\t\t\t\t\t\t\t<img fetchpriority=\"high\" decoding=\"async\" width=\"683\" height=\"1024\" src=\"https:\/\/plus2event.de\/wp-content\/uploads\/2026\/01\/1D5D21EE-6B14-4BC8-AAEC-24A8F390EAF3-683x1024.jpg\" class=\"attachment-large size-large wp-image-5911\" alt=\"\" srcset=\"https:\/\/plus2event.de\/wp-content\/uploads\/2026\/01\/1D5D21EE-6B14-4BC8-AAEC-24A8F390EAF3-683x1024.jpg 683w, https:\/\/plus2event.de\/wp-content\/uploads\/2026\/01\/1D5D21EE-6B14-4BC8-AAEC-24A8F390EAF3-200x300.jpg 200w, https:\/\/plus2event.de\/wp-content\/uploads\/2026\/01\/1D5D21EE-6B14-4BC8-AAEC-24A8F390EAF3-768x1152.jpg 768w, https:\/\/plus2event.de\/wp-content\/uploads\/2026\/01\/1D5D21EE-6B14-4BC8-AAEC-24A8F390EAF3-1024x1536.jpg 1024w, https:\/\/plus2event.de\/wp-content\/uploads\/2026\/01\/1D5D21EE-6B14-4BC8-AAEC-24A8F390EAF3-1365x2048.jpg 1365w, https:\/\/plus2event.de\/wp-content\/uploads\/2026\/01\/1D5D21EE-6B14-4BC8-AAEC-24A8F390EAF3-8x12.jpg 8w, https:\/\/plus2event.de\/wp-content\/uploads\/2026\/01\/1D5D21EE-6B14-4BC8-AAEC-24A8F390EAF3-1320x1980.jpg 1320w, https:\/\/plus2event.de\/wp-content\/uploads\/2026\/01\/1D5D21EE-6B14-4BC8-AAEC-24A8F390EAF3-600x900.jpg 600w, https:\/\/plus2event.de\/wp-content\/uploads\/2026\/01\/1D5D21EE-6B14-4BC8-AAEC-24A8F390EAF3.jpg 1536w\" sizes=\"(max-width: 683px) 100vw, 683px\" \/>\t\t\t\t\t\t\t\t\t\t\t\t\t\t\t<\/div>\n\t\t\t\t<\/div>\n\t\t\t\t<\/div>\n\t\t<div class=\"elementor-element elementor-element-e1e1913 e-flex e-con-boxed e-con e-parent\" data-id=\"e1e1913\" data-element_type=\"container\" data-e-type=\"container\" data-settings=\"{&quot;background_background&quot;:&quot;classic&quot;,&quot;_ha_eqh_enable&quot;:false}\">\n\t\t\t\t\t<div class=\"e-con-inner\">\n\t\t\t\t\t<\/div>\n\t\t\t\t<\/div>\n\t\t<div class=\"elementor-element elementor-element-2602a2d0 e-con-full e-flex e-con e-parent\" data-id=\"2602a2d0\" data-element_type=\"container\" data-e-type=\"container\" data-settings=\"{&quot;background_background&quot;:&quot;classic&quot;,&quot;_ha_eqh_enable&quot;:false}\">\n\t\t\t\t<div class=\"elementor-element elementor-element-71a751de elementor-widget__width-initial elementor-widget-tablet__width-inherit elementor-invisible elementor-widget elementor-widget-image\" data-id=\"71a751de\" data-element_type=\"widget\" data-e-type=\"widget\" data-settings=\"{&quot;_animation&quot;:&quot;fadeInLeft&quot;}\" data-widget_type=\"image.default\">\n\t\t\t\t<div class=\"elementor-widget-container\">\n\t\t\t\t\t\t\t\t\t\t\t\t\t\t\t<img decoding=\"async\" width=\"683\" height=\"1024\" src=\"https:\/\/plus2event.de\/wp-content\/uploads\/2026\/01\/201723-369-@das.vogt_-683x1024.jpg\" class=\"attachment-large size-large wp-image-5928\" alt=\"\" srcset=\"https:\/\/plus2event.de\/wp-content\/uploads\/2026\/01\/201723-369-@das.vogt_-683x1024.jpg 683w, https:\/\/plus2event.de\/wp-content\/uploads\/2026\/01\/201723-369-@das.vogt_-200x300.jpg 200w, https:\/\/plus2event.de\/wp-content\/uploads\/2026\/01\/201723-369-@das.vogt_-768x1152.jpg 768w, https:\/\/plus2event.de\/wp-content\/uploads\/2026\/01\/201723-369-@das.vogt_-1024x1536.jpg 1024w, https:\/\/plus2event.de\/wp-content\/uploads\/2026\/01\/201723-369-@das.vogt_-1365x2048.jpg 1365w, https:\/\/plus2event.de\/wp-content\/uploads\/2026\/01\/201723-369-@das.vogt_-8x12.jpg 8w, https:\/\/plus2event.de\/wp-content\/uploads\/2026\/01\/201723-369-@das.vogt_-1320x1980.jpg 1320w, https:\/\/plus2event.de\/wp-content\/uploads\/2026\/01\/201723-369-@das.vogt_-600x900.jpg 600w, https:\/\/plus2event.de\/wp-content\/uploads\/2026\/01\/201723-369-@das.vogt_-scaled.jpg 1707w\" sizes=\"(max-width: 683px) 100vw, 683px\" \/>\t\t\t\t\t\t\t\t\t\t\t\t\t\t\t<\/div>\n\t\t\t\t<\/div>\n\t\t<div class=\"elementor-element elementor-element-6cfd70cd e-con-full e-flex elementor-invisible e-con e-child\" data-id=\"6cfd70cd\" data-element_type=\"container\" data-e-type=\"container\" data-settings=\"{&quot;animation&quot;:&quot;fadeIn&quot;,&quot;_ha_eqh_enable&quot;:false}\">\n\t\t\t\t<div class=\"elementor-element elementor-element-c0759ce elementor-widget elementor-widget-text-editor\" data-id=\"c0759ce\" data-element_type=\"widget\" data-e-type=\"widget\" data-widget_type=\"text-editor.default\">\n\t\t\t\t<div class=\"elementor-widget-container\">\n\t\t\t\t\t\t\t\t\t<p>Creating community<\/p>\t\t\t\t\t\t\t\t<\/div>\n\t\t\t\t<\/div>\n\t\t\t\t<div class=\"elementor-element elementor-element-43214432 elementor-widget elementor-widget-heading\" data-id=\"43214432\" data-element_type=\"widget\" data-e-type=\"widget\" data-widget_type=\"heading.default\">\n\t\t\t\t<div class=\"elementor-widget-container\">\n\t\t\t\t\t<h2 class=\"elementor-heading-title elementor-size-default\">HOW WE WORK<\/h2>\t\t\t\t<\/div>\n\t\t\t\t<\/div>\n\t\t\t\t<div class=\"elementor-element elementor-element-52ee21bb elementor-widget elementor-widget-text-editor\" data-id=\"52ee21bb\" data-element_type=\"widget\" data-e-type=\"widget\" data-widget_type=\"text-editor.default\">\n\t\t\t\t<div class=\"elementor-widget-container\">\n\t\t\t\t\t\t\t\t\t<p>Experienced, solution-oriented, and resilient:<br \/>We maintain oversight even with large crowds, coordinate all interfaces, and ensure smooth operations - from entry to breakdown.<\/p><p><strong style=\"color: #ea530e;\">Do you need support for a large-scale event?<br \/>We support catering, logistics, and event operations.<\/strong><\/p>\t\t\t\t\t\t\t\t<\/div>\n\t\t\t\t<\/div>\n\t\t\t\t<div data-ha-element-link=\"{&quot;url&quot;:&quot;https:\\\/\\\/plus2event.de\\\/contact-us\\\/&quot;,&quot;is_external&quot;:&quot;&quot;,&quot;nofollow&quot;:&quot;&quot;}\" style=\"cursor: pointer\" class=\"elementor-element elementor-element-239644a elementor-widget elementor-widget-text-editor\" data-id=\"239644a\" data-element_type=\"widget\" data-e-type=\"widget\" id=\"button9\" data-widget_type=\"text-editor.default\">\n\t\t\t\t<div class=\"elementor-widget-container\">\n\t\t\t\t\t\t\t\t\t<p>Request a project \u2192<\/p>\t\t\t\t\t\t\t\t<\/div>\n\t\t\t\t<\/div>\n\t\t\t\t<\/div>\n\t\t\t\t<\/div>\n\t\t\t\t<\/div>","protected":false},"excerpt":{"rendered":"<p>Event Gastronomie &amp; Gro\u00df- veranstaltungen Pr\u00e4zise. Verl\u00e4sslich. Leistungsstark. LEISTUNGEN plus2event unterst\u00fctzt Gro\u00dfveranstaltungen mit strukturierten Abl\u00e4ufen, erfahrener Koordination und gastronomischem Know-how. Von der Planung der gastronomischen Infrastruktur bis zum operativen Betrieb sorgen wir f\u00fcr effiziente Versorgung und reibungslose Abl\u00e4ufe. \u2192 Planung gastronomischer Strukturen &amp; Abl\u00e4ufe \u2192 Auswahl, Briefing &amp; Koordination gastronomischer Partner \u2192 Logistik, Warenwirtschaft &amp; [&hellip;]<\/p>\n","protected":false},"author":1,"featured_media":0,"parent":0,"menu_order":0,"comment_status":"closed","ping_status":"closed","template":"","meta":{"footnotes":""},"class_list":["post-5217","page","type-page","status-publish","hentry"],"yoast_head":"<!-- This site is optimized with the Yoast SEO plugin v27.0 - https:\/\/yoast.com\/product\/yoast-seo-wordpress\/ -->\n<title>Event Gastronomie &amp; Gro\u00dfveranstaltungen - Plus2event<\/title>\n<meta name=\"description\" content=\"Effiziente Event-Gastronomie f\u00fcr Gro\u00dfveranstaltungen. plus2event plant Strukturen, koordiniert Partner und sorgt f\u00fcr reibungslose Abl\u00e4ufe.\" \/>\n<meta name=\"robots\" content=\"index, follow, max-snippet:-1, max-image-preview:large, max-video-preview:-1\" \/>\n<link rel=\"canonical\" href=\"https:\/\/plus2event.de\/en\/event-gastronomie-grossveranstaltungen\/\" \/>\n<meta property=\"og:locale\" content=\"en_US\" \/>\n<meta property=\"og:type\" content=\"article\" \/>\n<meta property=\"og:title\" content=\"Event Gastronomie &amp; Gro\u00dfveranstaltungen - Plus2event\" \/>\n<meta property=\"og:description\" content=\"Effiziente Event-Gastronomie f\u00fcr Gro\u00dfveranstaltungen. plus2event plant Strukturen, koordiniert Partner und sorgt f\u00fcr reibungslose Abl\u00e4ufe.\" \/>\n<meta property=\"og:url\" content=\"https:\/\/plus2event.de\/en\/event-gastronomie-grossveranstaltungen\/\" \/>\n<meta property=\"og:site_name\" content=\"Plus2event\" \/>\n<meta property=\"article:publisher\" content=\"https:\/\/www.facebook.com\/plus2event\/\" \/>\n<meta property=\"article:modified_time\" content=\"2026-03-10T16:06:47+00:00\" \/>\n<meta property=\"og:image\" content=\"https:\/\/plus2event.de\/wp-content\/uploads\/2026\/01\/1D5D21EE-6B14-4BC8-AAEC-24A8F390EAF3-683x1024.jpg\" \/>\n<meta name=\"twitter:card\" content=\"summary_large_image\" \/>\n<meta name=\"twitter:label1\" content=\"Est. reading time\" \/>\n\t<meta name=\"twitter:data1\" content=\"1 minute\" \/>\n<script type=\"application\/ld+json\" class=\"yoast-schema-graph\">{\"@context\":\"https:\/\/schema.org\",\"@graph\":[{\"@type\":\"WebPage\",\"@id\":\"https:\/\/plus2event.de\/event-gastronomie-grossveranstaltungen\/\",\"url\":\"https:\/\/plus2event.de\/event-gastronomie-grossveranstaltungen\/\",\"name\":\"Event Gastronomie & Gro\u00dfveranstaltungen - Plus2event\",\"isPartOf\":{\"@id\":\"https:\/\/plus2event.de\/#website\"},\"primaryImageOfPage\":{\"@id\":\"https:\/\/plus2event.de\/event-gastronomie-grossveranstaltungen\/#primaryimage\"},\"image\":{\"@id\":\"https:\/\/plus2event.de\/event-gastronomie-grossveranstaltungen\/#primaryimage\"},\"thumbnailUrl\":\"https:\/\/plus2event.de\/wp-content\/uploads\/2026\/01\/1D5D21EE-6B14-4BC8-AAEC-24A8F390EAF3-683x1024.jpg\",\"datePublished\":\"2026-01-22T11:47:51+00:00\",\"dateModified\":\"2026-03-10T16:06:47+00:00\",\"description\":\"Effiziente Event-Gastronomie f\u00fcr Gro\u00dfveranstaltungen. plus2event plant Strukturen, koordiniert Partner und sorgt f\u00fcr reibungslose Abl\u00e4ufe.\",\"breadcrumb\":{\"@id\":\"https:\/\/plus2event.de\/event-gastronomie-grossveranstaltungen\/#breadcrumb\"},\"inLanguage\":\"en-US\",\"potentialAction\":[{\"@type\":\"ReadAction\",\"target\":[\"https:\/\/plus2event.de\/event-gastronomie-grossveranstaltungen\/\"]}]},{\"@type\":\"ImageObject\",\"inLanguage\":\"en-US\",\"@id\":\"https:\/\/plus2event.de\/event-gastronomie-grossveranstaltungen\/#primaryimage\",\"url\":\"https:\/\/plus2event.de\/wp-content\/uploads\/2026\/01\/1D5D21EE-6B14-4BC8-AAEC-24A8F390EAF3-683x1024.jpg\",\"contentUrl\":\"https:\/\/plus2event.de\/wp-content\/uploads\/2026\/01\/1D5D21EE-6B14-4BC8-AAEC-24A8F390EAF3-683x1024.jpg\"},{\"@type\":\"BreadcrumbList\",\"@id\":\"https:\/\/plus2event.de\/event-gastronomie-grossveranstaltungen\/#breadcrumb\",\"itemListElement\":[{\"@type\":\"ListItem\",\"position\":1,\"name\":\"Home\",\"item\":\"https:\/\/plus2event.de\/\"},{\"@type\":\"ListItem\",\"position\":2,\"name\":\"Event Gastronomie &#038; Gro\u00dfveranstaltungen\"}]},{\"@type\":\"WebSite\",\"@id\":\"https:\/\/plus2event.de\/#website\",\"url\":\"https:\/\/plus2event.de\/\",\"name\":\"Plus2event\",\"description\":\"\",\"publisher\":{\"@id\":\"https:\/\/plus2event.de\/#organization\"},\"potentialAction\":[{\"@type\":\"SearchAction\",\"target\":{\"@type\":\"EntryPoint\",\"urlTemplate\":\"https:\/\/plus2event.de\/?s={search_term_string}\"},\"query-input\":{\"@type\":\"PropertyValueSpecification\",\"valueRequired\":true,\"valueName\":\"search_term_string\"}}],\"inLanguage\":\"en-US\"},{\"@type\":\"Organization\",\"@id\":\"https:\/\/plus2event.de\/#organization\",\"name\":\"Plus2event\",\"url\":\"https:\/\/plus2event.de\/\",\"logo\":{\"@type\":\"ImageObject\",\"inLanguage\":\"en-US\",\"@id\":\"https:\/\/plus2event.de\/#\/schema\/logo\/image\/\",\"url\":\"https:\/\/plus2event.de\/wp-content\/uploads\/2025\/02\/LOGO-BEIGE.webp\",\"contentUrl\":\"https:\/\/plus2event.de\/wp-content\/uploads\/2025\/02\/LOGO-BEIGE.webp\",\"width\":1920,\"height\":190,\"caption\":\"Plus2event\"},\"image\":{\"@id\":\"https:\/\/plus2event.de\/#\/schema\/logo\/image\/\"},\"sameAs\":[\"https:\/\/www.facebook.com\/plus2event\/\",\"https:\/\/www.instagram.com\/plus2event_gmbh\",\"https:\/\/www.linkedin.com\/company\/plus2event-gmbh\/about\/\"]}]}<\/script>\n<!-- \/ Yoast SEO plugin. -->","yoast_head_json":{"title":"Event Gastronomie & Gro\u00dfveranstaltungen - Plus2event","description":"Effiziente Event-Gastronomie f\u00fcr Gro\u00dfveranstaltungen. plus2event plant Strukturen, koordiniert Partner und sorgt f\u00fcr reibungslose Abl\u00e4ufe.","robots":{"index":"index","follow":"follow","max-snippet":"max-snippet:-1","max-image-preview":"max-image-preview:large","max-video-preview":"max-video-preview:-1"},"canonical":"https:\/\/plus2event.de\/en\/event-gastronomie-grossveranstaltungen\/","og_locale":"en_US","og_type":"article","og_title":"Event Gastronomie & Gro\u00dfveranstaltungen - Plus2event","og_description":"Effiziente Event-Gastronomie f\u00fcr Gro\u00dfveranstaltungen. plus2event plant Strukturen, koordiniert Partner und sorgt f\u00fcr reibungslose Abl\u00e4ufe.","og_url":"https:\/\/plus2event.de\/en\/event-gastronomie-grossveranstaltungen\/","og_site_name":"Plus2event","article_publisher":"https:\/\/www.facebook.com\/plus2event\/","article_modified_time":"2026-03-10T16:06:47+00:00","og_image":[{"url":"https:\/\/plus2event.de\/wp-content\/uploads\/2026\/01\/1D5D21EE-6B14-4BC8-AAEC-24A8F390EAF3-683x1024.jpg","type":"","width":"","height":""}],"twitter_card":"summary_large_image","twitter_misc":{"Est. reading time":"1 minute"},"schema":{"@context":"https:\/\/schema.org","@graph":[{"@type":"WebPage","@id":"https:\/\/plus2event.de\/event-gastronomie-grossveranstaltungen\/","url":"https:\/\/plus2event.de\/event-gastronomie-grossveranstaltungen\/","name":"Event Gastronomie & Gro\u00dfveranstaltungen - Plus2event","isPartOf":{"@id":"https:\/\/plus2event.de\/#website"},"primaryImageOfPage":{"@id":"https:\/\/plus2event.de\/event-gastronomie-grossveranstaltungen\/#primaryimage"},"image":{"@id":"https:\/\/plus2event.de\/event-gastronomie-grossveranstaltungen\/#primaryimage"},"thumbnailUrl":"https:\/\/plus2event.de\/wp-content\/uploads\/2026\/01\/1D5D21EE-6B14-4BC8-AAEC-24A8F390EAF3-683x1024.jpg","datePublished":"2026-01-22T11:47:51+00:00","dateModified":"2026-03-10T16:06:47+00:00","description":"Effiziente Event-Gastronomie f\u00fcr Gro\u00dfveranstaltungen. plus2event plant Strukturen, koordiniert Partner und sorgt f\u00fcr reibungslose Abl\u00e4ufe.","breadcrumb":{"@id":"https:\/\/plus2event.de\/event-gastronomie-grossveranstaltungen\/#breadcrumb"},"inLanguage":"en-US","potentialAction":[{"@type":"ReadAction","target":["https:\/\/plus2event.de\/event-gastronomie-grossveranstaltungen\/"]}]},{"@type":"ImageObject","inLanguage":"en-US","@id":"https:\/\/plus2event.de\/event-gastronomie-grossveranstaltungen\/#primaryimage","url":"https:\/\/plus2event.de\/wp-content\/uploads\/2026\/01\/1D5D21EE-6B14-4BC8-AAEC-24A8F390EAF3-683x1024.jpg","contentUrl":"https:\/\/plus2event.de\/wp-content\/uploads\/2026\/01\/1D5D21EE-6B14-4BC8-AAEC-24A8F390EAF3-683x1024.jpg"},{"@type":"BreadcrumbList","@id":"https:\/\/plus2event.de\/event-gastronomie-grossveranstaltungen\/#breadcrumb","itemListElement":[{"@type":"ListItem","position":1,"name":"Home","item":"https:\/\/plus2event.de\/"},{"@type":"ListItem","position":2,"name":"Event Gastronomie &#038; Gro\u00dfveranstaltungen"}]},{"@type":"WebSite","@id":"https:\/\/plus2event.de\/#website","url":"https:\/\/plus2event.de\/","name":"Plus2event","description":"","publisher":{"@id":"https:\/\/plus2event.de\/#organization"},"potentialAction":[{"@type":"SearchAction","target":{"@type":"EntryPoint","urlTemplate":"https:\/\/plus2event.de\/?s={search_term_string}"},"query-input":{"@type":"PropertyValueSpecification","valueRequired":true,"valueName":"search_term_string"}}],"inLanguage":"en-US"},{"@type":"Organization","@id":"https:\/\/plus2event.de\/#organization","name":"Plus2event","url":"https:\/\/plus2event.de\/","logo":{"@type":"ImageObject","inLanguage":"en-US","@id":"https:\/\/plus2event.de\/#\/schema\/logo\/image\/","url":"https:\/\/plus2event.de\/wp-content\/uploads\/2025\/02\/LOGO-BEIGE.webp","contentUrl":"https:\/\/plus2event.de\/wp-content\/uploads\/2025\/02\/LOGO-BEIGE.webp","width":1920,"height":190,"caption":"Plus2event"},"image":{"@id":"https:\/\/plus2event.de\/#\/schema\/logo\/image\/"},"sameAs":["https:\/\/www.facebook.com\/plus2event\/","https:\/\/www.instagram.com\/plus2event_gmbh","https:\/\/www.linkedin.com\/company\/plus2event-gmbh\/about\/"]}]}},"jetpack_sharing_enabled":true,"_links":{"self":[{"href":"https:\/\/plus2event.de\/en\/wp-json\/wp\/v2\/pages\/5217","targetHints":{"allow":["GET"]}}],"collection":[{"href":"https:\/\/plus2event.de\/en\/wp-json\/wp\/v2\/pages"}],"about":[{"href":"https:\/\/plus2event.de\/en\/wp-json\/wp\/v2\/types\/page"}],"author":[{"embeddable":true,"href":"https:\/\/plus2event.de\/en\/wp-json\/wp\/v2\/users\/1"}],"replies":[{"embeddable":true,"href":"https:\/\/plus2event.de\/en\/wp-json\/wp\/v2\/comments?post=5217"}],"version-history":[{"count":25,"href":"https:\/\/plus2event.de\/en\/wp-json\/wp\/v2\/pages\/5217\/revisions"}],"predecessor-version":[{"id":6382,"href":"https:\/\/plus2event.de\/en\/wp-json\/wp\/v2\/pages\/5217\/revisions\/6382"}],"wp:attachment":[{"href":"https:\/\/plus2event.de\/en\/wp-json\/wp\/v2\/media?parent=5217"}],"curies":[{"name":"wp","href":"https:\/\/api.w.org\/{rel}","templated":true}]}}