{"id":4660,"date":"2025-11-03T15:21:50","date_gmt":"2025-11-03T15:21:50","guid":{"rendered":"https:\/\/plus2event.de\/?page_id=4660"},"modified":"2026-03-11T15:19:54","modified_gmt":"2026-03-11T15:19:54","slug":"impressum","status":"publish","type":"page","link":"https:\/\/plus2event.de\/en\/impressum\/","title":{"rendered":"Legal Notice"},"content":{"rendered":"<div data-elementor-type=\"wp-page\" data-elementor-id=\"4660\" class=\"elementor elementor-4660\" data-elementor-settings=\"{&quot;ha_cmc_init_switcher&quot;:&quot;no&quot;}\" data-elementor-post-type=\"page\">\n\t\t\t\t<div class=\"elementor-element elementor-element-cd2bc61 e-flex e-con-boxed e-con e-parent\" data-id=\"cd2bc61\" data-element_type=\"container\" data-e-type=\"container\" data-settings=\"{&quot;background_background&quot;:&quot;classic&quot;,&quot;_ha_eqh_enable&quot;:false}\">\n\t\t\t\t\t<div class=\"e-con-inner\">\n\t\t\t\t<div class=\"elementor-element elementor-element-5c3dcc2 elementor-widget elementor-widget-heading\" data-id=\"5c3dcc2\" data-element_type=\"widget\" data-e-type=\"widget\" data-widget_type=\"heading.default\">\n\t\t\t\t<div class=\"elementor-widget-container\">\n\t\t\t\t\t<h2 class=\"elementor-heading-title elementor-size-default\">Legal Notice<\/h2>\t\t\t\t<\/div>\n\t\t\t\t<\/div>\n\t\t\t\t<div class=\"elementor-element elementor-element-efad5e5 elementor-widget elementor-widget-text-editor\" data-id=\"efad5e5\" data-element_type=\"widget\" data-e-type=\"widget\" data-widget_type=\"text-editor.default\">\n\t\t\t\t<div class=\"elementor-widget-container\">\n\t\t\t\t\t\t\t\t\t<p><strong>Information according to \u00a75 TMG:<\/strong><br \/>plus2event GmbH<br \/>Westerburger Weg 20a<br \/>26203 Wardenburg<\/p><p><strong>Represented by:<\/strong><br \/>Managing Director: Ralf Klaa\u00dfen<\/p><p><strong>Contact:<\/strong><br \/>Telefon: +4917632241728\u00a0<br \/>E-Mail: info@plus2event.de<\/p><p><strong>VAT (Value Added Tax):<\/strong><br \/>VAT identification number according to \u00a727a of the German VAT Act:<br \/>DE304764870<\/p><p><strong>Dispute resolution:<\/strong><br \/>The European Commission provides a platform for online dispute resolution (ODR): <a href=\"https:\/\/ec.europa.eu\/consumers\/odr\" target=\"_blank\" rel=\"noopener\">https:\/\/ec.europa.eu\/consumers\/odr<\/a><\/p><p>We are neither willing nor obliged to participate in dispute resolution proceedings before a consumer arbitration board.<\/p><p><strong>Liability for content:<\/strong><br \/>As a service provider, we are responsible for our own content on these pages in accordance with \u00a77 (1) TMG and general laws. However, pursuant to \u00a7\u00a78 to 10 TMG, we are not obligated as a service provider to monitor transmitted or stored third-party information or to investigate circumstances that indicate illegal activity.<\/p><p>Obligations to remove or block the use of information under general laws remain unaffected. However, liability in this regard is only possible from the time we become aware of a specific legal violation. Upon becoming aware of such violations, we will remove the content immediately.<\/p><p><strong>Liability for links:<\/strong><br \/>Our website contains links to external third-party websites, over whose content we have no control. Therefore, we cannot assume any responsibility for these external contents. The respective provider or operator of the linked pages is always responsible for the content of the linked sites. The linked sites were checked for possible legal violations at the time of linking. Illegal content was not recognizable at the time of linking.<\/p><p>A permanent review of the content of the linked pages is, however, not reasonable without concrete indications of a legal violation. Upon becoming aware of any legal violations, we will remove such links immediately.<\/p><p><strong>Copyright:<\/strong><br \/>The content and works created by the site operators on these pages are subject to German copyright law. Any duplication, editing, distribution, or any form of exploitation beyond the limits of copyright law requires the written consent of the respective author or creator. Downloads and copies of this site are permitted only for private, non-commercial use.<\/p><p>Insofar as the content on this site was not created by the operator, the copyrights of third parties are respected. In particular, third-party content is identified as such. Should you become aware of a copyright infringement, we ask that you inform us accordingly. Upon becoming aware of any legal violations, we will remove such content immediately.<\/p>\t\t\t\t\t\t\t\t<\/div>\n\t\t\t\t<\/div>\n\t\t\t\t\t<\/div>\n\t\t\t\t<\/div>\n\t\t\t\t<\/div>","protected":false},"excerpt":{"rendered":"<p>Impressum Angaben gem\u00e4\u00df \u00a75 TMG:plus2event GmbHWesterburger Weg 20a26203 Wardenburg Vertreten durch:Gesch\u00e4ftsf\u00fchrer: Ralf Klaa\u00dfen Kontakt:Telefon: +4917632241728\u00a0E-Mail: info@plus2event.de Umsatzsteuer:Umsatzsteuer-Identifikationsnummer gem\u00e4\u00df \u00a727 a Umsatzsteuergesetz:DE304764870 Streitschliclhtung:Die Europ\u00e4ische Kommission stellt eine Plattform zur Online-Streitbeilegung (OS) bereit: https:\/\/ec.europa.eu\/consumers\/odr Wir sind nicht bereit oder verpflichtet, an Streitbeilegungsverfahren vor einer Verbraucherschlichtungsstelle teilzunehmen. Haftung f\u00fcr Inhalte:Als Diensteanbieter sind wir gem\u00e4\u00df \u00a7 7 Abs.1 TMG [&hellip;]<\/p>\n","protected":false},"author":1,"featured_media":0,"parent":0,"menu_order":0,"comment_status":"closed","ping_status":"closed","template":"","meta":{"footnotes":""},"class_list":["post-4660","page","type-page","status-publish","hentry"],"yoast_head":"<!-- This site is optimized with the Yoast SEO plugin v27.0 - https:\/\/yoast.com\/product\/yoast-seo-wordpress\/ -->\n<title>Impressum - Plus2event<\/title>\n<meta name=\"robots\" content=\"index, follow, max-snippet:-1, max-image-preview:large, max-video-preview:-1\" \/>\n<link rel=\"canonical\" href=\"https:\/\/plus2event.de\/en\/impressum\/\" \/>\n<meta property=\"og:locale\" content=\"en_US\" \/>\n<meta property=\"og:type\" content=\"article\" \/>\n<meta property=\"og:title\" content=\"Impressum - Plus2event\" \/>\n<meta property=\"og:description\" content=\"Impressum Angaben gem\u00e4\u00df \u00a75 TMG:plus2event GmbHWesterburger Weg 20a26203 Wardenburg Vertreten durch:Gesch\u00e4ftsf\u00fchrer: Ralf Klaa\u00dfen Kontakt:Telefon: +4917632241728\u00a0E-Mail: info@plus2event.de Umsatzsteuer:Umsatzsteuer-Identifikationsnummer gem\u00e4\u00df \u00a727 a Umsatzsteuergesetz:DE304764870 Streitschliclhtung:Die Europ\u00e4ische Kommission stellt eine Plattform zur Online-Streitbeilegung (OS) bereit: https:\/\/ec.europa.eu\/consumers\/odr Wir sind nicht bereit oder verpflichtet, an Streitbeilegungsverfahren vor einer Verbraucherschlichtungsstelle teilzunehmen. Haftung f\u00fcr Inhalte:Als Diensteanbieter sind wir gem\u00e4\u00df \u00a7 7 Abs.1 TMG [&hellip;]\" \/>\n<meta property=\"og:url\" content=\"https:\/\/plus2event.de\/en\/impressum\/\" \/>\n<meta property=\"og:site_name\" content=\"Plus2event\" \/>\n<meta property=\"article:publisher\" content=\"https:\/\/www.facebook.com\/plus2event\/\" \/>\n<meta property=\"article:modified_time\" content=\"2026-03-11T15:19:54+00:00\" \/>\n<meta name=\"twitter:card\" content=\"summary_large_image\" \/>\n<meta name=\"twitter:label1\" content=\"Est. reading time\" \/>\n\t<meta name=\"twitter:data1\" content=\"2 minutes\" \/>\n<script type=\"application\/ld+json\" class=\"yoast-schema-graph\">{\"@context\":\"https:\/\/schema.org\",\"@graph\":[{\"@type\":\"WebPage\",\"@id\":\"https:\/\/plus2event.de\/impressum\/\",\"url\":\"https:\/\/plus2event.de\/impressum\/\",\"name\":\"Impressum - Plus2event\",\"isPartOf\":{\"@id\":\"https:\/\/plus2event.de\/#website\"},\"datePublished\":\"2025-11-03T15:21:50+00:00\",\"dateModified\":\"2026-03-11T15:19:54+00:00\",\"breadcrumb\":{\"@id\":\"https:\/\/plus2event.de\/impressum\/#breadcrumb\"},\"inLanguage\":\"en-US\",\"potentialAction\":[{\"@type\":\"ReadAction\",\"target\":[\"https:\/\/plus2event.de\/impressum\/\"]}]},{\"@type\":\"BreadcrumbList\",\"@id\":\"https:\/\/plus2event.de\/impressum\/#breadcrumb\",\"itemListElement\":[{\"@type\":\"ListItem\",\"position\":1,\"name\":\"Home\",\"item\":\"https:\/\/plus2event.de\/\"},{\"@type\":\"ListItem\",\"position\":2,\"name\":\"Impressum\"}]},{\"@type\":\"WebSite\",\"@id\":\"https:\/\/plus2event.de\/#website\",\"url\":\"https:\/\/plus2event.de\/\",\"name\":\"Plus2event\",\"description\":\"\",\"publisher\":{\"@id\":\"https:\/\/plus2event.de\/#organization\"},\"potentialAction\":[{\"@type\":\"SearchAction\",\"target\":{\"@type\":\"EntryPoint\",\"urlTemplate\":\"https:\/\/plus2event.de\/?s={search_term_string}\"},\"query-input\":{\"@type\":\"PropertyValueSpecification\",\"valueRequired\":true,\"valueName\":\"search_term_string\"}}],\"inLanguage\":\"en-US\"},{\"@type\":\"Organization\",\"@id\":\"https:\/\/plus2event.de\/#organization\",\"name\":\"Plus2event\",\"url\":\"https:\/\/plus2event.de\/\",\"logo\":{\"@type\":\"ImageObject\",\"inLanguage\":\"en-US\",\"@id\":\"https:\/\/plus2event.de\/#\/schema\/logo\/image\/\",\"url\":\"https:\/\/plus2event.de\/wp-content\/uploads\/2025\/02\/LOGO-BEIGE.webp\",\"contentUrl\":\"https:\/\/plus2event.de\/wp-content\/uploads\/2025\/02\/LOGO-BEIGE.webp\",\"width\":1920,\"height\":190,\"caption\":\"Plus2event\"},\"image\":{\"@id\":\"https:\/\/plus2event.de\/#\/schema\/logo\/image\/\"},\"sameAs\":[\"https:\/\/www.facebook.com\/plus2event\/\",\"https:\/\/www.instagram.com\/plus2event_gmbh\",\"https:\/\/www.linkedin.com\/company\/plus2event-gmbh\/about\/\"]}]}<\/script>\n<!-- \/ Yoast SEO plugin. -->","yoast_head_json":{"title":"Impressum - Plus2event","robots":{"index":"index","follow":"follow","max-snippet":"max-snippet:-1","max-image-preview":"max-image-preview:large","max-video-preview":"max-video-preview:-1"},"canonical":"https:\/\/plus2event.de\/en\/impressum\/","og_locale":"en_US","og_type":"article","og_title":"Impressum - Plus2event","og_description":"Impressum Angaben gem\u00e4\u00df \u00a75 TMG:plus2event GmbHWesterburger Weg 20a26203 Wardenburg Vertreten durch:Gesch\u00e4ftsf\u00fchrer: Ralf Klaa\u00dfen Kontakt:Telefon: +4917632241728\u00a0E-Mail: info@plus2event.de Umsatzsteuer:Umsatzsteuer-Identifikationsnummer gem\u00e4\u00df \u00a727 a Umsatzsteuergesetz:DE304764870 Streitschliclhtung:Die Europ\u00e4ische Kommission stellt eine Plattform zur Online-Streitbeilegung (OS) bereit: https:\/\/ec.europa.eu\/consumers\/odr Wir sind nicht bereit oder verpflichtet, an Streitbeilegungsverfahren vor einer Verbraucherschlichtungsstelle teilzunehmen. Haftung f\u00fcr Inhalte:Als Diensteanbieter sind wir gem\u00e4\u00df \u00a7 7 Abs.1 TMG [&hellip;]","og_url":"https:\/\/plus2event.de\/en\/impressum\/","og_site_name":"Plus2event","article_publisher":"https:\/\/www.facebook.com\/plus2event\/","article_modified_time":"2026-03-11T15:19:54+00:00","twitter_card":"summary_large_image","twitter_misc":{"Est. reading time":"2 minutes"},"schema":{"@context":"https:\/\/schema.org","@graph":[{"@type":"WebPage","@id":"https:\/\/plus2event.de\/impressum\/","url":"https:\/\/plus2event.de\/impressum\/","name":"Impressum - Plus2event","isPartOf":{"@id":"https:\/\/plus2event.de\/#website"},"datePublished":"2025-11-03T15:21:50+00:00","dateModified":"2026-03-11T15:19:54+00:00","breadcrumb":{"@id":"https:\/\/plus2event.de\/impressum\/#breadcrumb"},"inLanguage":"en-US","potentialAction":[{"@type":"ReadAction","target":["https:\/\/plus2event.de\/impressum\/"]}]},{"@type":"BreadcrumbList","@id":"https:\/\/plus2event.de\/impressum\/#breadcrumb","itemListElement":[{"@type":"ListItem","position":1,"name":"Home","item":"https:\/\/plus2event.de\/"},{"@type":"ListItem","position":2,"name":"Impressum"}]},{"@type":"WebSite","@id":"https:\/\/plus2event.de\/#website","url":"https:\/\/plus2event.de\/","name":"Plus2event","description":"","publisher":{"@id":"https:\/\/plus2event.de\/#organization"},"potentialAction":[{"@type":"SearchAction","target":{"@type":"EntryPoint","urlTemplate":"https:\/\/plus2event.de\/?s={search_term_string}"},"query-input":{"@type":"PropertyValueSpecification","valueRequired":true,"valueName":"search_term_string"}}],"inLanguage":"en-US"},{"@type":"Organization","@id":"https:\/\/plus2event.de\/#organization","name":"Plus2event","url":"https:\/\/plus2event.de\/","logo":{"@type":"ImageObject","inLanguage":"en-US","@id":"https:\/\/plus2event.de\/#\/schema\/logo\/image\/","url":"https:\/\/plus2event.de\/wp-content\/uploads\/2025\/02\/LOGO-BEIGE.webp","contentUrl":"https:\/\/plus2event.de\/wp-content\/uploads\/2025\/02\/LOGO-BEIGE.webp","width":1920,"height":190,"caption":"Plus2event"},"image":{"@id":"https:\/\/plus2event.de\/#\/schema\/logo\/image\/"},"sameAs":["https:\/\/www.facebook.com\/plus2event\/","https:\/\/www.instagram.com\/plus2event_gmbh","https:\/\/www.linkedin.com\/company\/plus2event-gmbh\/about\/"]}]}},"jetpack_sharing_enabled":true,"_links":{"self":[{"href":"https:\/\/plus2event.de\/en\/wp-json\/wp\/v2\/pages\/4660","targetHints":{"allow":["GET"]}}],"collection":[{"href":"https:\/\/plus2event.de\/en\/wp-json\/wp\/v2\/pages"}],"about":[{"href":"https:\/\/plus2event.de\/en\/wp-json\/wp\/v2\/types\/page"}],"author":[{"embeddable":true,"href":"https:\/\/plus2event.de\/en\/wp-json\/wp\/v2\/users\/1"}],"replies":[{"embeddable":true,"href":"https:\/\/plus2event.de\/en\/wp-json\/wp\/v2\/comments?post=4660"}],"version-history":[{"count":25,"href":"https:\/\/plus2event.de\/en\/wp-json\/wp\/v2\/pages\/4660\/revisions"}],"predecessor-version":[{"id":6390,"href":"https:\/\/plus2event.de\/en\/wp-json\/wp\/v2\/pages\/4660\/revisions\/6390"}],"wp:attachment":[{"href":"https:\/\/plus2event.de\/en\/wp-json\/wp\/v2\/media?parent=4660"}],"curies":[{"name":"wp","href":"https:\/\/api.w.org\/{rel}","templated":true}]}}